{"id":81000,"date":"2020-08-27T09:05:13","date_gmt":"2020-08-27T09:05:13","guid":{"rendered":"https:\/\/www.rosesaneuil.com\/collaboration-width-lacroize\/"},"modified":"2022-11-18T11:07:46","modified_gmt":"2022-11-18T11:07:46","slug":"collaboration-with-lacroize","status":"publish","type":"page","link":"https:\/\/www.rosesaneuil.com\/en\/collaboration-with-lacroize\/","title":{"rendered":"Collaboration with Lacroiz\u00e9"},"content":{"rendered":"\t\t<div data-elementor-type=\"wp-page\" data-elementor-id=\"81000\" class=\"elementor elementor-81000 elementor-80994\">\n\t\t\t\t\t\t<section class=\"elementor-section elementor-top-section elementor-element elementor-element-c8f3e59 elementor-section-boxed elementor-section-height-default elementor-section-height-default\" data-id=\"c8f3e59\" data-element_type=\"section\" data-e-type=\"section\">\n\t\t\t\t\t\t<div class=\"elementor-container elementor-column-gap-default\">\n\t\t\t\t\t<div class=\"elementor-column elementor-col-100 elementor-top-column elementor-element elementor-element-4b0b1816\" data-id=\"4b0b1816\" data-element_type=\"column\" data-e-type=\"column\">\n\t\t\t<div class=\"elementor-widget-wrap elementor-element-populated\">\n\t\t\t\t\t\t<div class=\"elementor-element elementor-element-26c1c42f elementor-widget elementor-widget-spacer\" data-id=\"26c1c42f\" data-element_type=\"widget\" data-e-type=\"widget\" data-widget_type=\"spacer.default\">\n\t\t\t\t<div class=\"elementor-widget-container\">\n\t\t\t\t\t\t\t<div class=\"elementor-spacer\">\n\t\t\t<div class=\"elementor-spacer-inner\"><\/div>\n\t\t<\/div>\n\t\t\t\t\t\t<\/div>\n\t\t\t\t<\/div>\n\t\t\t\t<div class=\"elementor-element elementor-element-773444e elementor-widget elementor-widget-heading\" data-id=\"773444e\" data-element_type=\"widget\" data-e-type=\"widget\" data-widget_type=\"heading.default\">\n\t\t\t\t<div class=\"elementor-widget-container\">\n\t\t\t\t\t<h2 class=\"elementor-heading-title elementor-size-default\">Collaboration with Lacroiz\u00e9<\/h2>\t\t\t\t<\/div>\n\t\t\t\t<\/div>\n\t\t\t\t\t<\/div>\n\t\t<\/div>\n\t\t\t\t\t<\/div>\n\t\t<\/section>\n\t\t\t\t<section class=\"elementor-section elementor-top-section elementor-element elementor-element-e680835 elementor-section-boxed elementor-section-height-default elementor-section-height-default\" data-id=\"e680835\" data-element_type=\"section\" data-e-type=\"section\">\n\t\t\t\t\t\t<div class=\"elementor-container elementor-column-gap-default\">\n\t\t\t\t\t<div class=\"elementor-column elementor-col-100 elementor-top-column elementor-element elementor-element-0ab70c5\" data-id=\"0ab70c5\" data-element_type=\"column\" data-e-type=\"column\">\n\t\t\t<div class=\"elementor-widget-wrap elementor-element-populated\">\n\t\t\t\t\t\t<section class=\"elementor-section elementor-inner-section elementor-element elementor-element-bb07a71 elementor-section-boxed elementor-section-height-default elementor-section-height-default\" data-id=\"bb07a71\" data-element_type=\"section\" data-e-type=\"section\">\n\t\t\t\t\t\t<div class=\"elementor-container elementor-column-gap-default\">\n\t\t\t\t\t<div class=\"elementor-column elementor-col-50 elementor-inner-column elementor-element elementor-element-8940181\" data-id=\"8940181\" data-element_type=\"column\" data-e-type=\"column\">\n\t\t\t<div class=\"elementor-widget-wrap elementor-element-populated\">\n\t\t\t\t\t\t<div class=\"elementor-element elementor-element-bd49f4e elementor-widget elementor-widget-image\" data-id=\"bd49f4e\" data-element_type=\"widget\" data-e-type=\"widget\" data-widget_type=\"image.default\">\n\t\t\t\t<div class=\"elementor-widget-container\">\n\t\t\t\t\t\t\t\t\t\t\t\t\t\t\t<img fetchpriority=\"high\" decoding=\"async\" width=\"629\" height=\"442\" src=\"https:\/\/www.rosesaneuil.com\/wp-content\/uploads\/2020\/08\/Logo_Lacroize.jpg\" class=\"attachment-large size-large wp-image-80918\" alt=\"\" srcset=\"https:\/\/www.rosesaneuil.com\/wp-content\/uploads\/2020\/08\/Logo_Lacroize.jpg 629w, https:\/\/www.rosesaneuil.com\/wp-content\/uploads\/2020\/08\/Logo_Lacroize-300x211.jpg 300w, https:\/\/www.rosesaneuil.com\/wp-content\/uploads\/2020\/08\/Logo_Lacroize-500x351.jpg 500w\" sizes=\"(max-width: 629px) 100vw, 629px\" \/>\t\t\t\t\t\t\t\t\t\t\t\t\t\t\t<\/div>\n\t\t\t\t<\/div>\n\t\t\t\t\t<\/div>\n\t\t<\/div>\n\t\t\t\t<div class=\"elementor-column elementor-col-50 elementor-inner-column elementor-element elementor-element-51b0b19\" data-id=\"51b0b19\" data-element_type=\"column\" data-e-type=\"column\">\n\t\t\t<div class=\"elementor-widget-wrap elementor-element-populated\">\n\t\t\t\t\t\t<div class=\"elementor-element elementor-element-9c6316e elementor-widget elementor-widget-text-editor\" data-id=\"9c6316e\" data-element_type=\"widget\" data-e-type=\"widget\" data-widget_type=\"text-editor.default\">\n\t\t\t\t<div class=\"elementor-widget-container\">\n\t\t\t\t\t\t\t\t\t<p>A collaboration in 2019 with Lacroiz\u00e9 on a cigar cellar with the objective of creating a multi-material hummingbird that is neither realistic nor abstract.<br \/>\nAn elegant result with the very colorful hummingbird taking flight<\/p>\n\t\t\t\t\t\t\t\t<\/div>\n\t\t\t\t<\/div>\n\t\t\t\t\t<\/div>\n\t\t<\/div>\n\t\t\t\t\t<\/div>\n\t\t<\/section>\n\t\t\t\t\t<\/div>\n\t\t<\/div>\n\t\t\t\t\t<\/div>\n\t\t<\/section>\n\t\t\t\t<section class=\"elementor-section elementor-top-section elementor-element elementor-element-c310465 elementor-section-boxed elementor-section-height-default elementor-section-height-default\" data-id=\"c310465\" data-element_type=\"section\" data-e-type=\"section\">\n\t\t\t\t\t\t<div class=\"elementor-container elementor-column-gap-default\">\n\t\t\t\t\t<div class=\"elementor-column elementor-col-100 elementor-top-column elementor-element elementor-element-d9e8ada\" data-id=\"d9e8ada\" data-element_type=\"column\" data-e-type=\"column\">\n\t\t\t<div class=\"elementor-widget-wrap elementor-element-populated\">\n\t\t\t\t\t\t<div class=\"elementor-element elementor-element-2167c9b elementor-widget elementor-widget-text-editor\" data-id=\"2167c9b\" data-element_type=\"widget\" data-e-type=\"widget\" data-widget_type=\"text-editor.default\">\n\t\t\t\t<div class=\"elementor-widget-container\">\n\t\t\t\t\t\t\t\t\t\n<div class=\"vp-portfolio vp-uid-12a29576 vp-id-80998 \"\n\tdata-vp-layout=\"grid\" data-vp-content-source=\"post-based\" data-vp-items-style=\"fly\" data-vp-items-click-action=\"url\" data-vp-items-gap=\"60\" data-vp-items-gap-vertical=\"\" data-vp-pagination=\"load-more\" data-vp-next-page-url=\"\" data-vp-grid-columns=\"4\" >\n\t<div class=\"vp-portfolio__preloader-wrap\">\n\t\t<div class=\"vp-portfolio__preloader\">\n\t\t\t<img decoding=\"async\" loading=\"eager\" src=\"https:\/\/www.rosesaneuil.com\/wp-content\/plugins\/visual-portfolio\/assets\/images\/logo-dark.svg\" alt=\"Visual Portfolio, Posts &amp; Image Gallery for WordPress\" width=\"20\" height=\"20\" data-skip-lazy>\n\t\t<\/div>\n\t<\/div>\n\t\t<div class=\"vp-portfolio__items-wrap\">\n\t\t\t\n<div class=\"vp-portfolio__items vp-portfolio__items-style-fly vp-portfolio__items-show-overlay-hover\">\n\n\t\t<article\t\tclass=\"vp-portfolio__item-wrap post-80736 portfolio type-portfolio status-publish format-standard has-post-thumbnail hentry portfolio_category-cigar-boxes portfolio_category-lacroize-en vp-portfolio__item-uid-6c5cdf62\" data-vp-filter=\"cigar-boxes,lacroize-en\" \t\t>\n\t\t\t\t\t\t\t\t\t<figure class=\"vp-portfolio__item\">\n\t\t\t\t\n<div class=\"vp-portfolio__item-img-wrap\">\n\t<div class=\"vp-portfolio__item-img\">\n\t\t\t<a\n\t\thref=\"https:\/\/www.rosesaneuil.com\/en\/portfolio\/cigars-box-colibri\/\"\n\t\t\t>\n\t\n\t\t<noscript><img decoding=\"async\" width=\"300\" height=\"300\" data-skip-lazy src=\"https:\/\/www.rosesaneuil.com\/wp-content\/uploads\/2020\/01\/COFFRET_CIGARE_COLIBRI.jpg\" class=\"wp-image-79585\" alt=\"\" srcset=\"https:\/\/www.rosesaneuil.com\/wp-content\/uploads\/2020\/01\/COFFRET_CIGARE_COLIBRI.jpg 300w, https:\/\/www.rosesaneuil.com\/wp-content\/uploads\/2020\/01\/COFFRET_CIGARE_COLIBRI-150x150.jpg 150w\" sizes=\"(max-width: 300px) 100vw, 300px\" \/><\/noscript><img decoding=\"async\" width=\"300\" height=\"300\" src=\"https:\/\/www.rosesaneuil.com\/wp-content\/uploads\/2020\/01\/COFFRET_CIGARE_COLIBRI.jpg\" class=\"wp-image-79585 vp-lazyload\" alt srcset=\"data:image\/svg+xml;base64,PHN2ZyB3aWR0aD0iMzAwIiBoZWlnaHQ9IjMwMCIgdmlld0JveD0iMCAwIDMwMCAzMDAiIGZpbGw9Im5vbmUiIHhtbG5zPSJodHRwOi8vd3d3LnczLm9yZy8yMDAwL3N2ZyI+PC9zdmc+\" data-src=\"https:\/\/www.rosesaneuil.com\/wp-content\/uploads\/2020\/01\/COFFRET_CIGARE_COLIBRI.jpg\" data-srcset=\"https:\/\/www.rosesaneuil.com\/wp-content\/uploads\/2020\/01\/COFFRET_CIGARE_COLIBRI.jpg 300w, https:\/\/www.rosesaneuil.com\/wp-content\/uploads\/2020\/01\/COFFRET_CIGARE_COLIBRI-150x150.jpg 150w\" data-sizes=\"auto\" loading=\"eager\">\n\t\t<\/a>\t<\/div>\n<\/div>\n\t<figcaption class=\"vp-portfolio__item-overlay vp-portfolio__item-overlay-text-align-center\">\n\t\t<div class=\"vp-portfolio__item-meta-wrap vp-portfolio__custom-scrollbar\">\n\t\t\t\t<a\n\t\thref=\"https:\/\/www.rosesaneuil.com\/en\/portfolio\/cigars-box-colibri\/\"\n\t\ttabindex=\"-1\" class=\"vp-portfolio__item-meta\" \t>\n\t\n<h2 class=\"vp-portfolio__item-meta-title\">\n\tCigars Box COLIBRI<\/h2>\n<\/a>\t\t<\/div>\n\t<\/figcaption>\n\t\t\t<\/figure>\n\t\t\t\t\t<\/article>\n\t\t\n<\/div>\n\t\t<\/div>\n\t\t\n<\/div>\n\n\t\t\t\t\t\t\t\t<\/div>\n\t\t\t\t<\/div>\n\t\t\t\t\t<\/div>\n\t\t<\/div>\n\t\t\t\t\t<\/div>\n\t\t<\/section>\n\t\t\t\t<\/div>\n\t\t","protected":false},"excerpt":{"rendered":"<p>Collaboration with Lacroiz\u00e9 A collaboration in 2019 with Lacroiz\u00e9 on a cigar cellar with the objective of creating a multi-material hummingbird that is neither realistic nor abstract. An elegant result with the very colorful hummingbird taking flight<\/p>\n","protected":false},"author":4,"featured_media":0,"parent":0,"menu_order":56,"comment_status":"closed","ping_status":"closed","template":"elementor_header_footer","meta":{"_vp_format_video_url":"","_vp_image_focal_point":[],"footnotes":""},"class_list":["post-81000","page","type-page","status-publish","hentry"],"yoast_head":"<!-- This site is optimized with the Yoast SEO plugin v27.2 - https:\/\/yoast.com\/product\/yoast-seo-wordpress\/ -->\n<title>Collaboration with Lacroiz\u00e9 - Rose Saneuil<\/title>\n<meta name=\"robots\" content=\"index, follow, max-snippet:-1, max-image-preview:large, max-video-preview:-1\" \/>\n<link rel=\"canonical\" href=\"https:\/\/www.rosesaneuil.com\/en\/collaboration-with-lacroize\/\" \/>\n<meta property=\"og:locale\" content=\"en_US\" \/>\n<meta property=\"og:type\" content=\"article\" \/>\n<meta property=\"og:title\" content=\"Collaboration with Lacroiz\u00e9 - Rose Saneuil\" \/>\n<meta property=\"og:description\" content=\"Collaboration with Lacroiz\u00e9 A collaboration in 2019 with Lacroiz\u00e9 on a cigar cellar with the objective of creating a multi-material hummingbird that is neither realistic nor abstract. An elegant result with the very colorful hummingbird taking flight\" \/>\n<meta property=\"og:url\" content=\"https:\/\/www.rosesaneuil.com\/en\/collaboration-with-lacroize\/\" \/>\n<meta property=\"og:site_name\" content=\"Rose Saneuil\" \/>\n<meta property=\"article:modified_time\" content=\"2022-11-18T11:07:46+00:00\" \/>\n<meta property=\"og:image\" content=\"https:\/\/www.rosesaneuil.com\/wp-content\/uploads\/2020\/08\/Logo_Lacroize.jpg\" \/>\n<meta name=\"twitter:card\" content=\"summary_large_image\" \/>\n<script type=\"application\/ld+json\" class=\"yoast-schema-graph\">{\"@context\":\"https:\/\/schema.org\",\"@graph\":[{\"@type\":\"WebPage\",\"@id\":\"https:\/\/www.rosesaneuil.com\/en\/collaboration-with-lacroize\/\",\"url\":\"https:\/\/www.rosesaneuil.com\/en\/collaboration-with-lacroize\/\",\"name\":\"Collaboration with Lacroiz\u00e9 - Rose Saneuil\",\"isPartOf\":{\"@id\":\"https:\/\/www.rosesaneuil.com\/en\/#website\"},\"primaryImageOfPage\":{\"@id\":\"https:\/\/www.rosesaneuil.com\/en\/collaboration-with-lacroize\/#primaryimage\"},\"image\":{\"@id\":\"https:\/\/www.rosesaneuil.com\/en\/collaboration-with-lacroize\/#primaryimage\"},\"thumbnailUrl\":\"https:\/\/www.rosesaneuil.com\/wp-content\/uploads\/2020\/08\/Logo_Lacroize.jpg\",\"datePublished\":\"2020-08-27T09:05:13+00:00\",\"dateModified\":\"2022-11-18T11:07:46+00:00\",\"breadcrumb\":{\"@id\":\"https:\/\/www.rosesaneuil.com\/en\/collaboration-with-lacroize\/#breadcrumb\"},\"inLanguage\":\"en-US\",\"potentialAction\":[{\"@type\":\"ReadAction\",\"target\":[\"https:\/\/www.rosesaneuil.com\/en\/collaboration-with-lacroize\/\"]}]},{\"@type\":\"ImageObject\",\"inLanguage\":\"en-US\",\"@id\":\"https:\/\/www.rosesaneuil.com\/en\/collaboration-with-lacroize\/#primaryimage\",\"url\":\"https:\/\/www.rosesaneuil.com\/wp-content\/uploads\/2020\/08\/Logo_Lacroize.jpg\",\"contentUrl\":\"https:\/\/www.rosesaneuil.com\/wp-content\/uploads\/2020\/08\/Logo_Lacroize.jpg\"},{\"@type\":\"BreadcrumbList\",\"@id\":\"https:\/\/www.rosesaneuil.com\/en\/collaboration-with-lacroize\/#breadcrumb\",\"itemListElement\":[{\"@type\":\"ListItem\",\"position\":1,\"name\":\"Accueil\",\"item\":\"https:\/\/www.rosesaneuil.com\/en\/\"},{\"@type\":\"ListItem\",\"position\":2,\"name\":\"Pictures\"}]},{\"@type\":\"WebSite\",\"@id\":\"https:\/\/www.rosesaneuil.com\/en\/#website\",\"url\":\"https:\/\/www.rosesaneuil.com\/en\/\",\"name\":\"Rose Saneuil\",\"description\":\"Marqueterie\",\"publisher\":{\"@id\":\"https:\/\/www.rosesaneuil.com\/en\/#organization\"},\"potentialAction\":[{\"@type\":\"SearchAction\",\"target\":{\"@type\":\"EntryPoint\",\"urlTemplate\":\"https:\/\/www.rosesaneuil.com\/en\/?s={search_term_string}\"},\"query-input\":{\"@type\":\"PropertyValueSpecification\",\"valueRequired\":true,\"valueName\":\"search_term_string\"}}],\"inLanguage\":\"en-US\"},{\"@type\":\"Organization\",\"@id\":\"https:\/\/www.rosesaneuil.com\/en\/#organization\",\"name\":\"Rose Saneuil\",\"url\":\"https:\/\/www.rosesaneuil.com\/en\/\",\"logo\":{\"@type\":\"ImageObject\",\"inLanguage\":\"en-US\",\"@id\":\"https:\/\/www.rosesaneuil.com\/en\/#\/schema\/logo\/image\/\",\"url\":\"https:\/\/www.rosesaneuil.com\/wp-content\/uploads\/2019\/12\/cropped-2019-11-logo-Rose-scaled.jpg\",\"contentUrl\":\"https:\/\/www.rosesaneuil.com\/wp-content\/uploads\/2019\/12\/cropped-2019-11-logo-Rose-scaled.jpg\",\"width\":2560,\"height\":1504,\"caption\":\"Rose Saneuil\"},\"image\":{\"@id\":\"https:\/\/www.rosesaneuil.com\/en\/#\/schema\/logo\/image\/\"}}]}<\/script>\n<!-- \/ Yoast SEO plugin. -->","yoast_head_json":{"title":"Collaboration with Lacroiz\u00e9 - Rose Saneuil","robots":{"index":"index","follow":"follow","max-snippet":"max-snippet:-1","max-image-preview":"max-image-preview:large","max-video-preview":"max-video-preview:-1"},"canonical":"https:\/\/www.rosesaneuil.com\/en\/collaboration-with-lacroize\/","og_locale":"en_US","og_type":"article","og_title":"Collaboration with Lacroiz\u00e9 - Rose Saneuil","og_description":"Collaboration with Lacroiz\u00e9 A collaboration in 2019 with Lacroiz\u00e9 on a cigar cellar with the objective of creating a multi-material hummingbird that is neither realistic nor abstract. An elegant result with the very colorful hummingbird taking flight","og_url":"https:\/\/www.rosesaneuil.com\/en\/collaboration-with-lacroize\/","og_site_name":"Rose Saneuil","article_modified_time":"2022-11-18T11:07:46+00:00","og_image":[{"url":"https:\/\/www.rosesaneuil.com\/wp-content\/uploads\/2020\/08\/Logo_Lacroize.jpg","type":"","width":"","height":""}],"twitter_card":"summary_large_image","schema":{"@context":"https:\/\/schema.org","@graph":[{"@type":"WebPage","@id":"https:\/\/www.rosesaneuil.com\/en\/collaboration-with-lacroize\/","url":"https:\/\/www.rosesaneuil.com\/en\/collaboration-with-lacroize\/","name":"Collaboration with Lacroiz\u00e9 - Rose Saneuil","isPartOf":{"@id":"https:\/\/www.rosesaneuil.com\/en\/#website"},"primaryImageOfPage":{"@id":"https:\/\/www.rosesaneuil.com\/en\/collaboration-with-lacroize\/#primaryimage"},"image":{"@id":"https:\/\/www.rosesaneuil.com\/en\/collaboration-with-lacroize\/#primaryimage"},"thumbnailUrl":"https:\/\/www.rosesaneuil.com\/wp-content\/uploads\/2020\/08\/Logo_Lacroize.jpg","datePublished":"2020-08-27T09:05:13+00:00","dateModified":"2022-11-18T11:07:46+00:00","breadcrumb":{"@id":"https:\/\/www.rosesaneuil.com\/en\/collaboration-with-lacroize\/#breadcrumb"},"inLanguage":"en-US","potentialAction":[{"@type":"ReadAction","target":["https:\/\/www.rosesaneuil.com\/en\/collaboration-with-lacroize\/"]}]},{"@type":"ImageObject","inLanguage":"en-US","@id":"https:\/\/www.rosesaneuil.com\/en\/collaboration-with-lacroize\/#primaryimage","url":"https:\/\/www.rosesaneuil.com\/wp-content\/uploads\/2020\/08\/Logo_Lacroize.jpg","contentUrl":"https:\/\/www.rosesaneuil.com\/wp-content\/uploads\/2020\/08\/Logo_Lacroize.jpg"},{"@type":"BreadcrumbList","@id":"https:\/\/www.rosesaneuil.com\/en\/collaboration-with-lacroize\/#breadcrumb","itemListElement":[{"@type":"ListItem","position":1,"name":"Accueil","item":"https:\/\/www.rosesaneuil.com\/en\/"},{"@type":"ListItem","position":2,"name":"Pictures"}]},{"@type":"WebSite","@id":"https:\/\/www.rosesaneuil.com\/en\/#website","url":"https:\/\/www.rosesaneuil.com\/en\/","name":"Rose Saneuil","description":"Marqueterie","publisher":{"@id":"https:\/\/www.rosesaneuil.com\/en\/#organization"},"potentialAction":[{"@type":"SearchAction","target":{"@type":"EntryPoint","urlTemplate":"https:\/\/www.rosesaneuil.com\/en\/?s={search_term_string}"},"query-input":{"@type":"PropertyValueSpecification","valueRequired":true,"valueName":"search_term_string"}}],"inLanguage":"en-US"},{"@type":"Organization","@id":"https:\/\/www.rosesaneuil.com\/en\/#organization","name":"Rose Saneuil","url":"https:\/\/www.rosesaneuil.com\/en\/","logo":{"@type":"ImageObject","inLanguage":"en-US","@id":"https:\/\/www.rosesaneuil.com\/en\/#\/schema\/logo\/image\/","url":"https:\/\/www.rosesaneuil.com\/wp-content\/uploads\/2019\/12\/cropped-2019-11-logo-Rose-scaled.jpg","contentUrl":"https:\/\/www.rosesaneuil.com\/wp-content\/uploads\/2019\/12\/cropped-2019-11-logo-Rose-scaled.jpg","width":2560,"height":1504,"caption":"Rose Saneuil"},"image":{"@id":"https:\/\/www.rosesaneuil.com\/en\/#\/schema\/logo\/image\/"}}]}},"_links":{"self":[{"href":"https:\/\/www.rosesaneuil.com\/en\/wp-json\/wp\/v2\/pages\/81000","targetHints":{"allow":["GET"]}}],"collection":[{"href":"https:\/\/www.rosesaneuil.com\/en\/wp-json\/wp\/v2\/pages"}],"about":[{"href":"https:\/\/www.rosesaneuil.com\/en\/wp-json\/wp\/v2\/types\/page"}],"author":[{"embeddable":true,"href":"https:\/\/www.rosesaneuil.com\/en\/wp-json\/wp\/v2\/users\/4"}],"replies":[{"embeddable":true,"href":"https:\/\/www.rosesaneuil.com\/en\/wp-json\/wp\/v2\/comments?post=81000"}],"version-history":[{"count":4,"href":"https:\/\/www.rosesaneuil.com\/en\/wp-json\/wp\/v2\/pages\/81000\/revisions"}],"predecessor-version":[{"id":81153,"href":"https:\/\/www.rosesaneuil.com\/en\/wp-json\/wp\/v2\/pages\/81000\/revisions\/81153"}],"wp:attachment":[{"href":"https:\/\/www.rosesaneuil.com\/en\/wp-json\/wp\/v2\/media?parent=81000"}],"curies":[{"name":"wp","href":"https:\/\/api.w.org\/{rel}","templated":true}]}}